{"id":44,"date":"2023-07-03T19:50:37","date_gmt":"2023-07-03T17:50:37","guid":{"rendered":"https:\/\/www.energolife.sk\/?page_id=44"},"modified":"2026-04-24T14:07:52","modified_gmt":"2026-04-24T12:07:52","slug":"referencie","status":"publish","type":"page","link":"https:\/\/www.energolife.sk\/?page_id=44","title":{"rendered":"Referencie"},"content":{"rendered":"\n<p>OST 1500 kW UK + 200 kW TUV + rozdde\u013eova\u010d UK 7 vetiev<\/p>\n\n\n\n<figure class=\"wp-block-gallery has-nested-images columns-default is-cropped wp-block-gallery-1 is-layout-flex wp-block-gallery-is-layout-flex\">\n<figure class=\"wp-block-image size-large\"><img loading=\"lazy\" decoding=\"async\" width=\"1024\" height=\"611\" data-id=\"276\" src=\"https:\/\/www.energolife.sk\/wp-content\/uploads\/2026\/03\/Photos-SS_2026.03.04_01-1024x611.jpg\" alt=\"\" class=\"wp-image-276\" srcset=\"https:\/\/www.energolife.sk\/wp-content\/uploads\/2026\/03\/Photos-SS_2026.03.04_01-1024x611.jpg 1024w, https:\/\/www.energolife.sk\/wp-content\/uploads\/2026\/03\/Photos-SS_2026.03.04_01-300x179.jpg 300w, https:\/\/www.energolife.sk\/wp-content\/uploads\/2026\/03\/Photos-SS_2026.03.04_01-768x459.jpg 768w, https:\/\/www.energolife.sk\/wp-content\/uploads\/2026\/03\/Photos-SS_2026.03.04_01-1536x917.jpg 1536w, https:\/\/www.energolife.sk\/wp-content\/uploads\/2026\/03\/Photos-SS_2026.03.04_01-2048x1223.jpg 2048w\" sizes=\"auto, (max-width: 1024px) 100vw, 1024px\" \/><\/figure>\n<\/figure>\n\n\n\n<figure class=\"wp-block-image size-large\"><img loading=\"lazy\" decoding=\"async\" width=\"1024\" height=\"643\" src=\"https:\/\/www.energolife.sk\/wp-content\/uploads\/2026\/03\/Photos-SS_2026.03.04_02-1024x643.jpg\" alt=\"\" class=\"wp-image-277\" srcset=\"https:\/\/www.energolife.sk\/wp-content\/uploads\/2026\/03\/Photos-SS_2026.03.04_02-1024x643.jpg 1024w, https:\/\/www.energolife.sk\/wp-content\/uploads\/2026\/03\/Photos-SS_2026.03.04_02-300x188.jpg 300w, https:\/\/www.energolife.sk\/wp-content\/uploads\/2026\/03\/Photos-SS_2026.03.04_02-768x482.jpg 768w, https:\/\/www.energolife.sk\/wp-content\/uploads\/2026\/03\/Photos-SS_2026.03.04_02-1536x965.jpg 1536w, https:\/\/www.energolife.sk\/wp-content\/uploads\/2026\/03\/Photos-SS_2026.03.04_02-2048x1286.jpg 2048w\" sizes=\"auto, (max-width: 1024px) 100vw, 1024px\" \/><\/figure>\n\n\n\n<p>OST 1125 kW &#8211; TUV<\/p>\n\n\n\n<figure class=\"wp-block-image size-large\"><img loading=\"lazy\" decoding=\"async\" width=\"959\" height=\"1024\" src=\"https:\/\/www.energolife.sk\/wp-content\/uploads\/2023\/08\/ZS-192_20230829_03-00000003-959x1024.jpg\" alt=\"\" class=\"wp-image-161\" srcset=\"https:\/\/www.energolife.sk\/wp-content\/uploads\/2023\/08\/ZS-192_20230829_03-00000003-959x1024.jpg 959w, https:\/\/www.energolife.sk\/wp-content\/uploads\/2023\/08\/ZS-192_20230829_03-00000003-281x300.jpg 281w, https:\/\/www.energolife.sk\/wp-content\/uploads\/2023\/08\/ZS-192_20230829_03-00000003-768x820.jpg 768w, https:\/\/www.energolife.sk\/wp-content\/uploads\/2023\/08\/ZS-192_20230829_03-00000003-1439x1536.jpg 1439w, https:\/\/www.energolife.sk\/wp-content\/uploads\/2023\/08\/ZS-192_20230829_03-00000003-1919x2048.jpg 1919w\" sizes=\"auto, (max-width: 959px) 100vw, 959px\" \/><\/figure>\n\n\n\n<p>OST 1253 kW &#8211; TUV<\/p>\n\n\n\n<figure class=\"wp-block-image size-large\"><img loading=\"lazy\" decoding=\"async\" width=\"947\" height=\"1024\" src=\"https:\/\/www.energolife.sk\/wp-content\/uploads\/2023\/08\/ZS-192_20230829_01-00000003-947x1024.jpg\" alt=\"\" class=\"wp-image-160\" srcset=\"https:\/\/www.energolife.sk\/wp-content\/uploads\/2023\/08\/ZS-192_20230829_01-00000003-947x1024.jpg 947w, https:\/\/www.energolife.sk\/wp-content\/uploads\/2023\/08\/ZS-192_20230829_01-00000003-277x300.jpg 277w, https:\/\/www.energolife.sk\/wp-content\/uploads\/2023\/08\/ZS-192_20230829_01-00000003-768x831.jpg 768w, https:\/\/www.energolife.sk\/wp-content\/uploads\/2023\/08\/ZS-192_20230829_01-00000003-1420x1536.jpg 1420w, https:\/\/www.energolife.sk\/wp-content\/uploads\/2023\/08\/ZS-192_20230829_01-00000003-1893x2048.jpg 1893w\" sizes=\"auto, (max-width: 947px) 100vw, 947px\" \/><\/figure>\n\n\n\n<p>OST 360 kW &#8211; UK<\/p>\n\n\n\n<figure class=\"wp-block-image size-large\"><img loading=\"lazy\" decoding=\"async\" width=\"1024\" height=\"992\" src=\"https:\/\/www.energolife.sk\/wp-content\/uploads\/2023\/07\/360-1024x992.jpg\" alt=\"\" class=\"wp-image-107\" srcset=\"https:\/\/www.energolife.sk\/wp-content\/uploads\/2023\/07\/360-1024x992.jpg 1024w, https:\/\/www.energolife.sk\/wp-content\/uploads\/2023\/07\/360-300x291.jpg 300w, https:\/\/www.energolife.sk\/wp-content\/uploads\/2023\/07\/360-768x744.jpg 768w, https:\/\/www.energolife.sk\/wp-content\/uploads\/2023\/07\/360-1536x1488.jpg 1536w, https:\/\/www.energolife.sk\/wp-content\/uploads\/2023\/07\/360-2048x1984.jpg 2048w\" sizes=\"auto, (max-width: 1024px) 100vw, 1024px\" \/><\/figure>\n\n\n\n<p>OST185 kW &#8211; UK<\/p>\n\n\n\n<figure class=\"wp-block-image size-large\"><img loading=\"lazy\" decoding=\"async\" width=\"1024\" height=\"885\" src=\"https:\/\/www.energolife.sk\/wp-content\/uploads\/2023\/07\/185-1024x885.jpg\" alt=\"\" class=\"wp-image-106\" srcset=\"https:\/\/www.energolife.sk\/wp-content\/uploads\/2023\/07\/185-1024x885.jpg 1024w, https:\/\/www.energolife.sk\/wp-content\/uploads\/2023\/07\/185-300x259.jpg 300w, https:\/\/www.energolife.sk\/wp-content\/uploads\/2023\/07\/185-768x664.jpg 768w, https:\/\/www.energolife.sk\/wp-content\/uploads\/2023\/07\/185-1536x1328.jpg 1536w, https:\/\/www.energolife.sk\/wp-content\/uploads\/2023\/07\/185-2048x1770.jpg 2048w\" sizes=\"auto, (max-width: 1024px) 100vw, 1024px\" \/><\/figure>\n\n\n\n<p>OST 120 kW &#8211; para- TUV <\/p>\n\n\n\n<figure class=\"wp-block-image size-large\"><img loading=\"lazy\" decoding=\"async\" width=\"741\" height=\"1024\" src=\"https:\/\/www.energolife.sk\/wp-content\/uploads\/2023\/07\/Photo_1-741x1024.jpg\" alt=\"\" class=\"wp-image-150\" srcset=\"https:\/\/www.energolife.sk\/wp-content\/uploads\/2023\/07\/Photo_1-741x1024.jpg 741w, https:\/\/www.energolife.sk\/wp-content\/uploads\/2023\/07\/Photo_1-217x300.jpg 217w, https:\/\/www.energolife.sk\/wp-content\/uploads\/2023\/07\/Photo_1-768x1061.jpg 768w, https:\/\/www.energolife.sk\/wp-content\/uploads\/2023\/07\/Photo_1-1112x1536.jpg 1112w, https:\/\/www.energolife.sk\/wp-content\/uploads\/2023\/07\/Photo_1-1483x2048.jpg 1483w, https:\/\/www.energolife.sk\/wp-content\/uploads\/2023\/07\/Photo_1-scaled.jpg 1853w\" sizes=\"auto, (max-width: 741px) 100vw, 741px\" \/><\/figure>\n\n\n\n<p>Bivalentn\u00e1 akumul\u00e1cia TUV v z\u00e1sobn\u00edkoch 500L s intern\u00fdmi v\u00fdmenn\u00edkmi  kombi solar + CZT <\/p>\n\n\n\n<figure class=\"wp-block-gallery has-nested-images columns-default is-cropped wp-block-gallery-2 is-layout-flex wp-block-gallery-is-layout-flex\">\n<figure class=\"wp-block-image size-large\"><img loading=\"lazy\" decoding=\"async\" width=\"967\" height=\"797\" data-id=\"112\" src=\"https:\/\/www.energolife.sk\/wp-content\/uploads\/2023\/07\/Bez-nazvu-1.png\" alt=\"\" class=\"wp-image-112\" srcset=\"https:\/\/www.energolife.sk\/wp-content\/uploads\/2023\/07\/Bez-nazvu-1.png 967w, https:\/\/www.energolife.sk\/wp-content\/uploads\/2023\/07\/Bez-nazvu-1-300x247.png 300w, https:\/\/www.energolife.sk\/wp-content\/uploads\/2023\/07\/Bez-nazvu-1-768x633.png 768w\" sizes=\"auto, (max-width: 967px) 100vw, 967px\" \/><\/figure>\n<\/figure>\n\n\n\n<figure class=\"wp-block-gallery has-nested-images columns-default is-cropped wp-block-gallery-3 is-layout-flex wp-block-gallery-is-layout-flex\">\n<figure class=\"wp-block-image size-full\"><img loading=\"lazy\" decoding=\"async\" width=\"2560\" height=\"2444\" data-id=\"218\" src=\"https:\/\/www.energolife.sk\/wp-content\/uploads\/2024\/01\/Brezova-1-scaled.jpg\" alt=\"\" class=\"wp-image-218\" srcset=\"https:\/\/www.energolife.sk\/wp-content\/uploads\/2024\/01\/Brezova-1-scaled.jpg 2560w, https:\/\/www.energolife.sk\/wp-content\/uploads\/2024\/01\/Brezova-1-300x286.jpg 300w, https:\/\/www.energolife.sk\/wp-content\/uploads\/2024\/01\/Brezova-1-1024x978.jpg 1024w, https:\/\/www.energolife.sk\/wp-content\/uploads\/2024\/01\/Brezova-1-768x733.jpg 768w, https:\/\/www.energolife.sk\/wp-content\/uploads\/2024\/01\/Brezova-1-1536x1466.jpg 1536w, https:\/\/www.energolife.sk\/wp-content\/uploads\/2024\/01\/Brezova-1-2048x1955.jpg 2048w\" sizes=\"auto, (max-width: 2560px) 100vw, 2560px\" \/><figcaption class=\"wp-element-caption\">??<\/figcaption><\/figure>\n<\/figure>\n\n\n\n<p>OST 160kW UK + 110 kW TUV<\/p>\n\n\n\n<figure class=\"wp-block-gallery has-nested-images columns-default is-cropped wp-block-gallery-4 is-layout-flex wp-block-gallery-is-layout-flex\">\n<figure class=\"wp-block-image size-large\"><img loading=\"lazy\" decoding=\"async\" width=\"1024\" height=\"461\" data-id=\"227\" src=\"https:\/\/www.energolife.sk\/wp-content\/uploads\/2025\/01\/2-1024x461.jpg\" alt=\"\" class=\"wp-image-227\" srcset=\"https:\/\/www.energolife.sk\/wp-content\/uploads\/2025\/01\/2-1024x461.jpg 1024w, https:\/\/www.energolife.sk\/wp-content\/uploads\/2025\/01\/2-300x135.jpg 300w, https:\/\/www.energolife.sk\/wp-content\/uploads\/2025\/01\/2-768x346.jpg 768w, https:\/\/www.energolife.sk\/wp-content\/uploads\/2025\/01\/2-1536x692.jpg 1536w, https:\/\/www.energolife.sk\/wp-content\/uploads\/2025\/01\/2-2048x922.jpg 2048w\" sizes=\"auto, (max-width: 1024px) 100vw, 1024px\" \/><\/figure>\n<\/figure>\n\n\n\n<p>OST UK394TUV120AKU + 3zon rozdelova\u010d<\/p>\n","protected":false},"excerpt":{"rendered":"<p>OST 1500 kW UK + 200 kW TUV + rozdde\u013eova\u010d UK 7 vetiev OST 1125 kW &#8211; TUV OST 1253 kW &#8211; TUV OST 360 kW &#8211; UK OST185 kW &#8211; UK OST 120 kW &#8211; para- TUV Bivalentn\u00e1 akumul\u00e1cia TUV v z\u00e1sobn\u00edkoch 500L s intern\u00fdmi v\u00fdmenn\u00edkmi kombi solar + CZT OST 160kW UK + [&hellip;]<\/p>\n","protected":false},"author":1,"featured_media":0,"parent":0,"menu_order":0,"comment_status":"closed","ping_status":"closed","template":"","meta":{"_monsterinsights_skip_tracking":false,"_monsterinsights_sitenote_active":false,"_monsterinsights_sitenote_note":"","_monsterinsights_sitenote_category":0,"footnotes":""},"class_list":["post-44","page","type-page","status-publish","hentry"],"yoast_head":"<!-- This site is optimized with the Yoast SEO plugin v20.10 - https:\/\/yoast.com\/wordpress\/plugins\/seo\/ -->\n<title>Referencie -<\/title>\n<meta name=\"robots\" content=\"index, follow, max-snippet:-1, max-image-preview:large, max-video-preview:-1\" \/>\n<link rel=\"canonical\" href=\"https:\/\/www.energolife.sk\/?page_id=44\" \/>\n<meta property=\"og:locale\" content=\"sk_SK\" \/>\n<meta property=\"og:type\" content=\"article\" \/>\n<meta property=\"og:title\" content=\"Referencie -\" \/>\n<meta property=\"og:description\" content=\"OST 1500 kW UK + 200 kW TUV + rozdde\u013eova\u010d UK 7 vetiev OST 1125 kW &#8211; TUV OST 1253 kW &#8211; TUV OST 360 kW &#8211; UK OST185 kW &#8211; UK OST 120 kW &#8211; para- TUV Bivalentn\u00e1 akumul\u00e1cia TUV v z\u00e1sobn\u00edkoch 500L s intern\u00fdmi v\u00fdmenn\u00edkmi kombi solar + CZT OST 160kW UK + [&hellip;]\" \/>\n<meta property=\"og:url\" content=\"https:\/\/www.energolife.sk\/?page_id=44\" \/>\n<meta property=\"article:modified_time\" content=\"2026-04-24T12:07:52+00:00\" \/>\n<meta property=\"og:image\" content=\"https:\/\/www.energolife.sk\/wp-content\/uploads\/2026\/03\/Photos-SS_2026.03.04_01-1024x611.jpg\" \/>\n<meta name=\"twitter:card\" content=\"summary_large_image\" \/>\n<meta name=\"twitter:label1\" content=\"Predpokladan\u00fd \u010das \u010d\u00edtania\" \/>\n\t<meta name=\"twitter:data1\" content=\"3 min\u00faty\" \/>\n<script type=\"application\/ld+json\" class=\"yoast-schema-graph\">{\"@context\":\"https:\/\/schema.org\",\"@graph\":[{\"@type\":\"WebPage\",\"@id\":\"https:\/\/www.energolife.sk\/?page_id=44\",\"url\":\"https:\/\/www.energolife.sk\/?page_id=44\",\"name\":\"Referencie -\",\"isPartOf\":{\"@id\":\"https:\/\/www.energolife.sk\/#website\"},\"datePublished\":\"2023-07-03T17:50:37+00:00\",\"dateModified\":\"2026-04-24T12:07:52+00:00\",\"breadcrumb\":{\"@id\":\"https:\/\/www.energolife.sk\/?page_id=44#breadcrumb\"},\"inLanguage\":\"sk-SK\",\"potentialAction\":[{\"@type\":\"ReadAction\",\"target\":[\"https:\/\/www.energolife.sk\/?page_id=44\"]}]},{\"@type\":\"BreadcrumbList\",\"@id\":\"https:\/\/www.energolife.sk\/?page_id=44#breadcrumb\",\"itemListElement\":[{\"@type\":\"ListItem\",\"position\":1,\"name\":\"Home\",\"item\":\"https:\/\/www.energolife.sk\/\"},{\"@type\":\"ListItem\",\"position\":2,\"name\":\"Referencie\"}]},{\"@type\":\"WebSite\",\"@id\":\"https:\/\/www.energolife.sk\/#website\",\"url\":\"https:\/\/www.energolife.sk\/\",\"name\":\"\",\"description\":\"\",\"potentialAction\":[{\"@type\":\"SearchAction\",\"target\":{\"@type\":\"EntryPoint\",\"urlTemplate\":\"https:\/\/www.energolife.sk\/?s={search_term_string}\"},\"query-input\":\"required name=search_term_string\"}],\"inLanguage\":\"sk-SK\"}]}<\/script>\n<!-- \/ Yoast SEO plugin. -->","yoast_head_json":{"title":"Referencie -","robots":{"index":"index","follow":"follow","max-snippet":"max-snippet:-1","max-image-preview":"max-image-preview:large","max-video-preview":"max-video-preview:-1"},"canonical":"https:\/\/www.energolife.sk\/?page_id=44","og_locale":"sk_SK","og_type":"article","og_title":"Referencie -","og_description":"OST 1500 kW UK + 200 kW TUV + rozdde\u013eova\u010d UK 7 vetiev OST 1125 kW &#8211; TUV OST 1253 kW &#8211; TUV OST 360 kW &#8211; UK OST185 kW &#8211; UK OST 120 kW &#8211; para- TUV Bivalentn\u00e1 akumul\u00e1cia TUV v z\u00e1sobn\u00edkoch 500L s intern\u00fdmi v\u00fdmenn\u00edkmi kombi solar + CZT OST 160kW UK + [&hellip;]","og_url":"https:\/\/www.energolife.sk\/?page_id=44","article_modified_time":"2026-04-24T12:07:52+00:00","og_image":[{"url":"https:\/\/www.energolife.sk\/wp-content\/uploads\/2026\/03\/Photos-SS_2026.03.04_01-1024x611.jpg"}],"twitter_card":"summary_large_image","twitter_misc":{"Predpokladan\u00fd \u010das \u010d\u00edtania":"3 min\u00faty"},"schema":{"@context":"https:\/\/schema.org","@graph":[{"@type":"WebPage","@id":"https:\/\/www.energolife.sk\/?page_id=44","url":"https:\/\/www.energolife.sk\/?page_id=44","name":"Referencie -","isPartOf":{"@id":"https:\/\/www.energolife.sk\/#website"},"datePublished":"2023-07-03T17:50:37+00:00","dateModified":"2026-04-24T12:07:52+00:00","breadcrumb":{"@id":"https:\/\/www.energolife.sk\/?page_id=44#breadcrumb"},"inLanguage":"sk-SK","potentialAction":[{"@type":"ReadAction","target":["https:\/\/www.energolife.sk\/?page_id=44"]}]},{"@type":"BreadcrumbList","@id":"https:\/\/www.energolife.sk\/?page_id=44#breadcrumb","itemListElement":[{"@type":"ListItem","position":1,"name":"Home","item":"https:\/\/www.energolife.sk\/"},{"@type":"ListItem","position":2,"name":"Referencie"}]},{"@type":"WebSite","@id":"https:\/\/www.energolife.sk\/#website","url":"https:\/\/www.energolife.sk\/","name":"","description":"","potentialAction":[{"@type":"SearchAction","target":{"@type":"EntryPoint","urlTemplate":"https:\/\/www.energolife.sk\/?s={search_term_string}"},"query-input":"required name=search_term_string"}],"inLanguage":"sk-SK"}]}},"_links":{"self":[{"href":"https:\/\/www.energolife.sk\/index.php?rest_route=\/wp\/v2\/pages\/44","targetHints":{"allow":["GET"]}}],"collection":[{"href":"https:\/\/www.energolife.sk\/index.php?rest_route=\/wp\/v2\/pages"}],"about":[{"href":"https:\/\/www.energolife.sk\/index.php?rest_route=\/wp\/v2\/types\/page"}],"author":[{"embeddable":true,"href":"https:\/\/www.energolife.sk\/index.php?rest_route=\/wp\/v2\/users\/1"}],"replies":[{"embeddable":true,"href":"https:\/\/www.energolife.sk\/index.php?rest_route=%2Fwp%2Fv2%2Fcomments&post=44"}],"version-history":[{"count":6,"href":"https:\/\/www.energolife.sk\/index.php?rest_route=\/wp\/v2\/pages\/44\/revisions"}],"predecessor-version":[{"id":283,"href":"https:\/\/www.energolife.sk\/index.php?rest_route=\/wp\/v2\/pages\/44\/revisions\/283"}],"wp:attachment":[{"href":"https:\/\/www.energolife.sk\/index.php?rest_route=%2Fwp%2Fv2%2Fmedia&parent=44"}],"curies":[{"name":"wp","href":"https:\/\/api.w.org\/{rel}","templated":true}]}}