{"id":43,"date":"2023-07-03T19:50:37","date_gmt":"2023-07-03T17:50:37","guid":{"rendered":"https:\/\/www.energolife.sk\/?page_id=43"},"modified":"2026-04-24T14:07:04","modified_gmt":"2026-04-24T12:07:04","slug":"produkty","status":"publish","type":"page","link":"https:\/\/www.energolife.sk\/?page_id=43","title":{"rendered":"Produkty"},"content":{"rendered":"\n<ul class=\"wp-block-list\">\n<li>ultrazvukov\u00e9 mera\u010de tepla &#8211; chladu Axioma                                                                                                                         <\/li>\n<\/ul>\n\n\n\n<p><strong>LoRaONE,    NB-IoT,    WBus,    BACnet,           Axioma<\/strong><\/p>\n\n\n\n<ul class=\"wp-block-list\">\n<li>ultrazvukov\u00e9 vodomery Axioma &#8211; kompozitn\u00fd materi\u00e1l<\/li>\n<\/ul>\n\n\n\n<p><strong>LoRaONE,    NB-IoT,    WBus,    BACnet,            Axioma<\/strong><\/p>\n\n\n\n<ul class=\"wp-block-list\">\n<li>akumul\u00e1cia tepla Gebwell<\/li>\n<\/ul>\n\n\n\n<ul class=\"wp-block-list\">\n<li>v\u00fdmenn\u00edkov\u00e9 stanice Gebwell<\/li>\n<\/ul>\n\n\n\n<ul class=\"wp-block-list\">\n<li>komponenty CZT Danfoss<\/li>\n<\/ul>\n\n\n\n<ul class=\"wp-block-list\">\n<li>vyv\u00e1\u017eenie DP pre priemyseln\u00e9 objekty, syst\u00e9my CZT a chladu Danfoss<\/li>\n<\/ul>\n\n\n\n<ul class=\"wp-block-list\">\n<li>rie\u0161enia pre \u00faspory dod\u00e1vok tepla, elektrickej energie a diagnostika ch\u00fdb<\/li>\n<\/ul>\n\n\n\n<ul class=\"wp-block-list\">\n<li>riadiace syst\u00e9my pre kotolne<\/li>\n<\/ul>\n\n\n\n<ul class=\"wp-block-list\">\n<li>kombinovan\u00e9 syst\u00e9my tepeln\u00fdch \u010derpadiel pre v\u00fdrobu chladu a tepla &#8211; <\/li>\n<\/ul>\n\n\n\n<p>od 5 kW a\u017e do v\u00fdkonu 100 kW jedn\u00fdm tepeln\u00fdm \u010derpadlom Gebwell<\/p>\n\n\n\n<ul class=\"wp-block-list\">\n<li>tepeln\u00fd v\u00fdkon \u010derpadiel nad 1000kW Gebwell<\/li>\n<\/ul>\n\n\n\n<div data-wp-interactive=\"core\/file\" class=\"wp-block-file\"><object data-wp-bind--hidden=\"!state.hasPdfPreview\" hidden class=\"wp-block-file__embed\" data=\"https:\/\/www.energolife.sk\/wp-content\/uploads\/2023\/09\/Katalog-produktov.pdf\" type=\"application\/pdf\" style=\"width:100%;height:600px\" aria-label=\"Vlo\u017ei\u0165 Katalog produktov.\"><\/object><a id=\"wp-block-file--media-5e312ead-cb18-4d3f-8866-d8a0b69a16a4\" href=\"https:\/\/www.energolife.sk\/wp-content\/uploads\/2023\/09\/Katalog-produktov.pdf\">Katalog produktov<\/a><a href=\"https:\/\/www.energolife.sk\/wp-content\/uploads\/2023\/09\/Katalog-produktov.pdf\" class=\"wp-block-file__button wp-element-button\" download aria-describedby=\"wp-block-file--media-5e312ead-cb18-4d3f-8866-d8a0b69a16a4\">Katal\u00f3g v\u00fdrobkov<\/a><\/div>\n\n\n\n<div data-wp-interactive=\"core\/file\" class=\"wp-block-file\"><object data-wp-bind--hidden=\"!state.hasPdfPreview\" hidden class=\"wp-block-file__embed\" data=\"https:\/\/www.energolife.sk\/wp-content\/uploads\/2024\/01\/E4-Qualcosonic-datovy-list-2.pdf\" type=\"application\/pdf\" style=\"width:100%;height:600px\" aria-label=\"Vlo\u017ei\u0165 E4-Qualcosonic-datovy-list-2.\"><\/object><a id=\"wp-block-file--media-df9aeb5c-a69e-45dc-9eb3-60c166054ab7\" href=\"https:\/\/www.energolife.sk\/wp-content\/uploads\/2024\/01\/E4-Qualcosonic-datovy-list-2.pdf\">E4-Qualcosonic-datovy-list-2<\/a><a href=\"https:\/\/www.energolife.sk\/wp-content\/uploads\/2024\/01\/E4-Qualcosonic-datovy-list-2.pdf\" class=\"wp-block-file__button wp-element-button\" download aria-describedby=\"wp-block-file--media-df9aeb5c-a69e-45dc-9eb3-60c166054ab7\">Ultrazvukov\u00fd mera\u010d tepla a chladu<\/a><\/div>\n\n\n\n<div data-wp-interactive=\"core\/file\" class=\"wp-block-file\"><object data-wp-bind--hidden=\"!state.hasPdfPreview\" hidden class=\"wp-block-file__embed\" data=\"https:\/\/www.energolife.sk\/wp-content\/uploads\/2024\/01\/E3-Qalcosonic-datovy-list.pdf\" type=\"application\/pdf\" style=\"width:100%;height:600px\" aria-label=\"Vlo\u017ei\u0165 E3 Qalcosonic d\u00e1tovy list.\"><\/object><a id=\"wp-block-file--media-8f5fb214-e069-41b9-91b9-4a2f29ad15fb\" href=\"https:\/\/www.energolife.sk\/wp-content\/uploads\/2024\/01\/E3-Qalcosonic-datovy-list.pdf\">E3 Qalcosonic d\u00e1tovy list<\/a><a href=\"https:\/\/www.energolife.sk\/wp-content\/uploads\/2024\/01\/E3-Qalcosonic-datovy-list.pdf\" class=\"wp-block-file__button wp-element-button\" download aria-describedby=\"wp-block-file--media-8f5fb214-e069-41b9-91b9-4a2f29ad15fb\">Ultrazvukov\u00fd mera\u010d tepla a chladu<\/a><\/div>\n\n\n\n<div data-wp-interactive=\"core\/file\" class=\"wp-block-file\"><object data-wp-bind--hidden=\"!state.hasPdfPreview\" hidden class=\"wp-block-file__embed\" data=\"https:\/\/www.energolife.sk\/wp-content\/uploads\/2024\/01\/W1-Vodomer-Qalcosonic-DN-15-DN-20-A-dizajn.pdf\" type=\"application\/pdf\" style=\"width:100%;height:600px\" aria-label=\"Vlo\u017ei\u0165 W1 Vodomer Qalcosonic DN 15-DN 20 A dizajn.\"><\/object><a id=\"wp-block-file--media-480cbabd-af20-4544-b35b-0b6c5a106669\" href=\"https:\/\/www.energolife.sk\/wp-content\/uploads\/2024\/01\/W1-Vodomer-Qalcosonic-DN-15-DN-20-A-dizajn.pdf\">W1 Vodomer Qalcosonic DN 15-DN 20 A dizajn<\/a><a href=\"https:\/\/www.energolife.sk\/wp-content\/uploads\/2024\/01\/W1-Vodomer-Qalcosonic-DN-15-DN-20-A-dizajn.pdf\" class=\"wp-block-file__button wp-element-button\" download aria-describedby=\"wp-block-file--media-480cbabd-af20-4544-b35b-0b6c5a106669\">ultrazvukov\u00e9 vodomery<\/a><\/div>\n\n\n\n<div data-wp-interactive=\"core\/file\" class=\"wp-block-file\"><object data-wp-bind--hidden=\"!state.hasPdfPreview\" hidden class=\"wp-block-file__embed\" data=\"https:\/\/www.energolife.sk\/wp-content\/uploads\/2025\/02\/W1-Vodomer-Qalcosonic-DN-25-DN-50.pdf\" type=\"application\/pdf\" style=\"width:100%;height:600px\" aria-label=\"Vlo\u017ei\u0165 W1 Vodomer Qalcosonic DN 25-DN 50.\"><\/object><a id=\"wp-block-file--media-34b403b7-0ad7-41a6-accc-f10e30077e32\" href=\"https:\/\/www.energolife.sk\/wp-content\/uploads\/2025\/02\/W1-Vodomer-Qalcosonic-DN-25-DN-50.pdf\">W1 Vodomer Qalcosonic DN 25-DN 50<\/a><a href=\"https:\/\/www.energolife.sk\/wp-content\/uploads\/2025\/02\/W1-Vodomer-Qalcosonic-DN-25-DN-50.pdf\" class=\"wp-block-file__button wp-element-button\" download aria-describedby=\"wp-block-file--media-34b403b7-0ad7-41a6-accc-f10e30077e32\">Stiahnu\u0165<\/a><\/div>\n","protected":false},"excerpt":{"rendered":"<p>LoRaONE, NB-IoT, WBus, BACnet, Axioma LoRaONE, NB-IoT, WBus, BACnet, Axioma od 5 kW a\u017e do v\u00fdkonu 100 kW jedn\u00fdm tepeln\u00fdm \u010derpadlom Gebwell<\/p>\n","protected":false},"author":1,"featured_media":0,"parent":0,"menu_order":0,"comment_status":"closed","ping_status":"closed","template":"","meta":{"_monsterinsights_skip_tracking":false,"_monsterinsights_sitenote_active":false,"_monsterinsights_sitenote_note":"","_monsterinsights_sitenote_category":0,"footnotes":""},"class_list":["post-43","page","type-page","status-publish","hentry"],"yoast_head":"<!-- This site is optimized with the Yoast SEO plugin v20.10 - https:\/\/yoast.com\/wordpress\/plugins\/seo\/ -->\n<title>Produkty -<\/title>\n<meta name=\"robots\" content=\"index, follow, max-snippet:-1, max-image-preview:large, max-video-preview:-1\" \/>\n<link rel=\"canonical\" href=\"https:\/\/www.energolife.sk\/?page_id=43\" \/>\n<meta property=\"og:locale\" content=\"sk_SK\" \/>\n<meta property=\"og:type\" content=\"article\" \/>\n<meta property=\"og:title\" content=\"Produkty -\" \/>\n<meta property=\"og:description\" content=\"LoRaONE, NB-IoT, WBus, BACnet, Axioma LoRaONE, NB-IoT, WBus, BACnet, Axioma od 5 kW a\u017e do v\u00fdkonu 100 kW jedn\u00fdm tepeln\u00fdm \u010derpadlom Gebwell\" \/>\n<meta property=\"og:url\" content=\"https:\/\/www.energolife.sk\/?page_id=43\" \/>\n<meta property=\"article:modified_time\" content=\"2026-04-24T12:07:04+00:00\" \/>\n<meta name=\"twitter:card\" content=\"summary_large_image\" \/>\n<meta name=\"twitter:label1\" content=\"Predpokladan\u00fd \u010das \u010d\u00edtania\" \/>\n\t<meta name=\"twitter:data1\" content=\"1 min\u00fata\" \/>\n<script type=\"application\/ld+json\" class=\"yoast-schema-graph\">{\"@context\":\"https:\/\/schema.org\",\"@graph\":[{\"@type\":\"WebPage\",\"@id\":\"https:\/\/www.energolife.sk\/?page_id=43\",\"url\":\"https:\/\/www.energolife.sk\/?page_id=43\",\"name\":\"Produkty -\",\"isPartOf\":{\"@id\":\"https:\/\/www.energolife.sk\/#website\"},\"datePublished\":\"2023-07-03T17:50:37+00:00\",\"dateModified\":\"2026-04-24T12:07:04+00:00\",\"breadcrumb\":{\"@id\":\"https:\/\/www.energolife.sk\/?page_id=43#breadcrumb\"},\"inLanguage\":\"sk-SK\",\"potentialAction\":[{\"@type\":\"ReadAction\",\"target\":[\"https:\/\/www.energolife.sk\/?page_id=43\"]}]},{\"@type\":\"BreadcrumbList\",\"@id\":\"https:\/\/www.energolife.sk\/?page_id=43#breadcrumb\",\"itemListElement\":[{\"@type\":\"ListItem\",\"position\":1,\"name\":\"Home\",\"item\":\"https:\/\/www.energolife.sk\/\"},{\"@type\":\"ListItem\",\"position\":2,\"name\":\"Produkty\"}]},{\"@type\":\"WebSite\",\"@id\":\"https:\/\/www.energolife.sk\/#website\",\"url\":\"https:\/\/www.energolife.sk\/\",\"name\":\"\",\"description\":\"\",\"potentialAction\":[{\"@type\":\"SearchAction\",\"target\":{\"@type\":\"EntryPoint\",\"urlTemplate\":\"https:\/\/www.energolife.sk\/?s={search_term_string}\"},\"query-input\":\"required name=search_term_string\"}],\"inLanguage\":\"sk-SK\"}]}<\/script>\n<!-- \/ Yoast SEO plugin. -->","yoast_head_json":{"title":"Produkty -","robots":{"index":"index","follow":"follow","max-snippet":"max-snippet:-1","max-image-preview":"max-image-preview:large","max-video-preview":"max-video-preview:-1"},"canonical":"https:\/\/www.energolife.sk\/?page_id=43","og_locale":"sk_SK","og_type":"article","og_title":"Produkty -","og_description":"LoRaONE, NB-IoT, WBus, BACnet, Axioma LoRaONE, NB-IoT, WBus, BACnet, Axioma od 5 kW a\u017e do v\u00fdkonu 100 kW jedn\u00fdm tepeln\u00fdm \u010derpadlom Gebwell","og_url":"https:\/\/www.energolife.sk\/?page_id=43","article_modified_time":"2026-04-24T12:07:04+00:00","twitter_card":"summary_large_image","twitter_misc":{"Predpokladan\u00fd \u010das \u010d\u00edtania":"1 min\u00fata"},"schema":{"@context":"https:\/\/schema.org","@graph":[{"@type":"WebPage","@id":"https:\/\/www.energolife.sk\/?page_id=43","url":"https:\/\/www.energolife.sk\/?page_id=43","name":"Produkty -","isPartOf":{"@id":"https:\/\/www.energolife.sk\/#website"},"datePublished":"2023-07-03T17:50:37+00:00","dateModified":"2026-04-24T12:07:04+00:00","breadcrumb":{"@id":"https:\/\/www.energolife.sk\/?page_id=43#breadcrumb"},"inLanguage":"sk-SK","potentialAction":[{"@type":"ReadAction","target":["https:\/\/www.energolife.sk\/?page_id=43"]}]},{"@type":"BreadcrumbList","@id":"https:\/\/www.energolife.sk\/?page_id=43#breadcrumb","itemListElement":[{"@type":"ListItem","position":1,"name":"Home","item":"https:\/\/www.energolife.sk\/"},{"@type":"ListItem","position":2,"name":"Produkty"}]},{"@type":"WebSite","@id":"https:\/\/www.energolife.sk\/#website","url":"https:\/\/www.energolife.sk\/","name":"","description":"","potentialAction":[{"@type":"SearchAction","target":{"@type":"EntryPoint","urlTemplate":"https:\/\/www.energolife.sk\/?s={search_term_string}"},"query-input":"required name=search_term_string"}],"inLanguage":"sk-SK"}]}},"_links":{"self":[{"href":"https:\/\/www.energolife.sk\/index.php?rest_route=\/wp\/v2\/pages\/43","targetHints":{"allow":["GET"]}}],"collection":[{"href":"https:\/\/www.energolife.sk\/index.php?rest_route=\/wp\/v2\/pages"}],"about":[{"href":"https:\/\/www.energolife.sk\/index.php?rest_route=\/wp\/v2\/types\/page"}],"author":[{"embeddable":true,"href":"https:\/\/www.energolife.sk\/index.php?rest_route=\/wp\/v2\/users\/1"}],"replies":[{"embeddable":true,"href":"https:\/\/www.energolife.sk\/index.php?rest_route=%2Fwp%2Fv2%2Fcomments&post=43"}],"version-history":[{"count":5,"href":"https:\/\/www.energolife.sk\/index.php?rest_route=\/wp\/v2\/pages\/43\/revisions"}],"predecessor-version":[{"id":282,"href":"https:\/\/www.energolife.sk\/index.php?rest_route=\/wp\/v2\/pages\/43\/revisions\/282"}],"wp:attachment":[{"href":"https:\/\/www.energolife.sk\/index.php?rest_route=%2Fwp%2Fv2%2Fmedia&parent=43"}],"curies":[{"name":"wp","href":"https:\/\/api.w.org\/{rel}","templated":true}]}}