{"id":2,"date":"2023-07-03T13:45:20","date_gmt":"2023-07-03T11:45:20","guid":{"rendered":"https:\/\/www.energolife.sk\/?page_id=2"},"modified":"2026-04-24T14:14:15","modified_gmt":"2026-04-24T12:14:15","slug":"ukazkova-stranka","status":"publish","type":"page","link":"https:\/\/www.energolife.sk\/","title":{"rendered":"Kto sme"},"content":{"rendered":"\n<p>vznik :<\/p>\n\n\n\n<blockquote class=\"wp-block-quote is-layout-flow wp-block-quote-is-layout-flow\">\n<p>Energolife s.r.o. since 2022<\/p>\n<\/blockquote>\n\n\n\n<p>&#8230;zaober\u00e1me sa:<\/p>\n\n\n\n<blockquote class=\"wp-block-quote is-layout-flow wp-block-quote-is-layout-flow\">\n<p>Spolo\u010dnos\u0165 sa zaober\u00e1 v\u00fdvojom techn\u00f3l\u00f3gi\u00ed dia\u013ekov\u00e9ho tepla, obnovite\u013en\u00fdch zdrojov tepla, akumul\u00e1ciou tepla a kombin\u00e1ciou t\u00fdchto zariaden\u00ed. \u010ealej pon\u00fakame zria\u010fovanie merania tepla a chladu v priemyseln\u00fdch aplik\u00e1ci\u00e1ch a pri distrib\u00facii centralizovan\u00e9ho tepla a chladu. Zria\u010fujeme prenos d\u00e1t z mera\u010dov tepla a chladu formou &#8222;Walk-by&#8220; a statick\u00fd syst\u00e9m cez ant\u00e9nny prenos. Zaober\u00e1me sa predajom komponentov na\u0161ich obchodn\u00fdch partnerov.<\/p>\n<\/blockquote>\n\n\n\n<p><\/p>\n","protected":false},"excerpt":{"rendered":"<p>vznik : Energolife s.r.o. since 2022 &#8230;zaober\u00e1me sa: Spolo\u010dnos\u0165 sa zaober\u00e1 v\u00fdvojom techn\u00f3l\u00f3gi\u00ed dia\u013ekov\u00e9ho tepla, obnovite\u013en\u00fdch zdrojov tepla, akumul\u00e1ciou tepla a kombin\u00e1ciou t\u00fdchto zariaden\u00ed. \u010ealej pon\u00fakame zria\u010fovanie merania tepla a chladu v priemyseln\u00fdch aplik\u00e1ci\u00e1ch a pri distrib\u00facii centralizovan\u00e9ho tepla a chladu. Zria\u010fujeme prenos d\u00e1t z mera\u010dov tepla a chladu formou &#8222;Walk-by&#8220; a statick\u00fd syst\u00e9m cez [&hellip;]<\/p>\n","protected":false},"author":1,"featured_media":0,"parent":0,"menu_order":0,"comment_status":"closed","ping_status":"open","template":"","meta":{"_monsterinsights_skip_tracking":false,"_monsterinsights_sitenote_active":false,"_monsterinsights_sitenote_note":"","_monsterinsights_sitenote_category":0,"footnotes":""},"class_list":["post-2","page","type-page","status-publish","hentry"],"yoast_head":"<!-- This site is optimized with the Yoast SEO plugin v20.10 - https:\/\/yoast.com\/wordpress\/plugins\/seo\/ -->\n<title>Kto sme -<\/title>\n<meta name=\"robots\" content=\"index, follow, max-snippet:-1, max-image-preview:large, max-video-preview:-1\" \/>\n<link rel=\"canonical\" href=\"https:\/\/www.energolife.sk\/\" \/>\n<meta property=\"og:locale\" content=\"sk_SK\" \/>\n<meta property=\"og:type\" content=\"article\" \/>\n<meta property=\"og:title\" content=\"Kto sme -\" \/>\n<meta property=\"og:description\" content=\"vznik : Energolife s.r.o. since 2022 &#8230;zaober\u00e1me sa: Spolo\u010dnos\u0165 sa zaober\u00e1 v\u00fdvojom techn\u00f3l\u00f3gi\u00ed dia\u013ekov\u00e9ho tepla, obnovite\u013en\u00fdch zdrojov tepla, akumul\u00e1ciou tepla a kombin\u00e1ciou t\u00fdchto zariaden\u00ed. \u010ealej pon\u00fakame zria\u010fovanie merania tepla a chladu v priemyseln\u00fdch aplik\u00e1ci\u00e1ch a pri distrib\u00facii centralizovan\u00e9ho tepla a chladu. Zria\u010fujeme prenos d\u00e1t z mera\u010dov tepla a chladu formou &#8222;Walk-by&#8220; a statick\u00fd syst\u00e9m cez [&hellip;]\" \/>\n<meta property=\"og:url\" content=\"https:\/\/www.energolife.sk\/\" \/>\n<meta property=\"article:modified_time\" content=\"2026-04-24T12:14:15+00:00\" \/>\n<meta name=\"twitter:card\" content=\"summary_large_image\" \/>\n<meta name=\"twitter:label1\" content=\"Predpokladan\u00fd \u010das \u010d\u00edtania\" \/>\n\t<meta name=\"twitter:data1\" content=\"1 min\u00fata\" \/>\n<script type=\"application\/ld+json\" class=\"yoast-schema-graph\">{\"@context\":\"https:\/\/schema.org\",\"@graph\":[{\"@type\":\"WebPage\",\"@id\":\"https:\/\/www.energolife.sk\/\",\"url\":\"https:\/\/www.energolife.sk\/\",\"name\":\"Kto sme -\",\"isPartOf\":{\"@id\":\"https:\/\/www.energolife.sk\/#website\"},\"datePublished\":\"2023-07-03T11:45:20+00:00\",\"dateModified\":\"2026-04-24T12:14:15+00:00\",\"breadcrumb\":{\"@id\":\"https:\/\/www.energolife.sk\/#breadcrumb\"},\"inLanguage\":\"sk-SK\",\"potentialAction\":[{\"@type\":\"ReadAction\",\"target\":[\"https:\/\/www.energolife.sk\/\"]}]},{\"@type\":\"BreadcrumbList\",\"@id\":\"https:\/\/www.energolife.sk\/#breadcrumb\",\"itemListElement\":[{\"@type\":\"ListItem\",\"position\":1,\"name\":\"Home\",\"item\":\"https:\/\/www.energolife.sk\/\"},{\"@type\":\"ListItem\",\"position\":2,\"name\":\"Kto sme\"}]},{\"@type\":\"WebSite\",\"@id\":\"https:\/\/www.energolife.sk\/#website\",\"url\":\"https:\/\/www.energolife.sk\/\",\"name\":\"\",\"description\":\"\",\"potentialAction\":[{\"@type\":\"SearchAction\",\"target\":{\"@type\":\"EntryPoint\",\"urlTemplate\":\"https:\/\/www.energolife.sk\/?s={search_term_string}\"},\"query-input\":\"required name=search_term_string\"}],\"inLanguage\":\"sk-SK\"}]}<\/script>\n<!-- \/ Yoast SEO plugin. -->","yoast_head_json":{"title":"Kto sme -","robots":{"index":"index","follow":"follow","max-snippet":"max-snippet:-1","max-image-preview":"max-image-preview:large","max-video-preview":"max-video-preview:-1"},"canonical":"https:\/\/www.energolife.sk\/","og_locale":"sk_SK","og_type":"article","og_title":"Kto sme -","og_description":"vznik : Energolife s.r.o. since 2022 &#8230;zaober\u00e1me sa: Spolo\u010dnos\u0165 sa zaober\u00e1 v\u00fdvojom techn\u00f3l\u00f3gi\u00ed dia\u013ekov\u00e9ho tepla, obnovite\u013en\u00fdch zdrojov tepla, akumul\u00e1ciou tepla a kombin\u00e1ciou t\u00fdchto zariaden\u00ed. \u010ealej pon\u00fakame zria\u010fovanie merania tepla a chladu v priemyseln\u00fdch aplik\u00e1ci\u00e1ch a pri distrib\u00facii centralizovan\u00e9ho tepla a chladu. Zria\u010fujeme prenos d\u00e1t z mera\u010dov tepla a chladu formou &#8222;Walk-by&#8220; a statick\u00fd syst\u00e9m cez [&hellip;]","og_url":"https:\/\/www.energolife.sk\/","article_modified_time":"2026-04-24T12:14:15+00:00","twitter_card":"summary_large_image","twitter_misc":{"Predpokladan\u00fd \u010das \u010d\u00edtania":"1 min\u00fata"},"schema":{"@context":"https:\/\/schema.org","@graph":[{"@type":"WebPage","@id":"https:\/\/www.energolife.sk\/","url":"https:\/\/www.energolife.sk\/","name":"Kto sme -","isPartOf":{"@id":"https:\/\/www.energolife.sk\/#website"},"datePublished":"2023-07-03T11:45:20+00:00","dateModified":"2026-04-24T12:14:15+00:00","breadcrumb":{"@id":"https:\/\/www.energolife.sk\/#breadcrumb"},"inLanguage":"sk-SK","potentialAction":[{"@type":"ReadAction","target":["https:\/\/www.energolife.sk\/"]}]},{"@type":"BreadcrumbList","@id":"https:\/\/www.energolife.sk\/#breadcrumb","itemListElement":[{"@type":"ListItem","position":1,"name":"Home","item":"https:\/\/www.energolife.sk\/"},{"@type":"ListItem","position":2,"name":"Kto sme"}]},{"@type":"WebSite","@id":"https:\/\/www.energolife.sk\/#website","url":"https:\/\/www.energolife.sk\/","name":"","description":"","potentialAction":[{"@type":"SearchAction","target":{"@type":"EntryPoint","urlTemplate":"https:\/\/www.energolife.sk\/?s={search_term_string}"},"query-input":"required name=search_term_string"}],"inLanguage":"sk-SK"}]}},"_links":{"self":[{"href":"https:\/\/www.energolife.sk\/index.php?rest_route=\/wp\/v2\/pages\/2","targetHints":{"allow":["GET"]}}],"collection":[{"href":"https:\/\/www.energolife.sk\/index.php?rest_route=\/wp\/v2\/pages"}],"about":[{"href":"https:\/\/www.energolife.sk\/index.php?rest_route=\/wp\/v2\/types\/page"}],"author":[{"embeddable":true,"href":"https:\/\/www.energolife.sk\/index.php?rest_route=\/wp\/v2\/users\/1"}],"replies":[{"embeddable":true,"href":"https:\/\/www.energolife.sk\/index.php?rest_route=%2Fwp%2Fv2%2Fcomments&post=2"}],"version-history":[{"count":6,"href":"https:\/\/www.energolife.sk\/index.php?rest_route=\/wp\/v2\/pages\/2\/revisions"}],"predecessor-version":[{"id":286,"href":"https:\/\/www.energolife.sk\/index.php?rest_route=\/wp\/v2\/pages\/2\/revisions\/286"}],"wp:attachment":[{"href":"https:\/\/www.energolife.sk\/index.php?rest_route=%2Fwp%2Fv2%2Fmedia&parent=2"}],"curies":[{"name":"wp","href":"https:\/\/api.w.org\/{rel}","templated":true}]}}